{"id":7,"date":"2024-07-17T17:37:45","date_gmt":"2024-07-17T17:37:45","guid":{"rendered":"https:\/\/www.tabelaciburada.com\/?page_id=7"},"modified":"2024-08-10T00:17:54","modified_gmt":"2024-08-10T00:17:54","slug":"hakkimizda","status":"publish","type":"page","link":"https:\/\/www.tabelaciburada.com\/index.php\/hakkimizda\/","title":{"rendered":"Hakk\u0131m\u0131zda"},"content":{"rendered":"\t\t<div data-elementor-type=\"wp-page\" data-elementor-id=\"7\" class=\"elementor elementor-7\" data-elementor-post-type=\"page\">\n\t\t\t\t\t\t<section class=\"elementor-section elementor-top-section elementor-element elementor-element-6b8674b2 elementor-section-boxed elementor-section-height-default elementor-section-height-default\" data-id=\"6b8674b2\" data-element_type=\"section\" data-e-type=\"section\">\n\t\t\t\t\t\t<div class=\"elementor-container elementor-column-gap-no\">\n\t\t\t\t\t<div class=\"aux-parallax-section elementor-column elementor-col-50 elementor-top-column elementor-element elementor-element-7c24b6c5\" data-id=\"7c24b6c5\" data-element_type=\"column\" data-e-type=\"column\">\n\t\t\t<div class=\"elementor-widget-wrap elementor-element-populated\">\n\t\t\t\t\t\t<div class=\"elementor-element elementor-element-2e5302f elementor-widget elementor-widget-heading\" data-id=\"2e5302f\" data-element_type=\"widget\" data-e-type=\"widget\" data-widget_type=\"heading.default\">\n\t\t\t\t<div class=\"elementor-widget-container\">\n\t\t\t\t\t<h2 class=\"elementor-heading-title elementor-size-default\">HAKKIMIZDA<\/h2>\t\t\t\t<\/div>\n\t\t\t\t<\/div>\n\t\t\t\t<div class=\"elementor-element elementor-element-388fbd2f aux-appear-watch-animation aux-fade-in-up-1 elementor-widget__width-initial elementor-widget elementor-widget-aux_modern_heading\" data-id=\"388fbd2f\" data-element_type=\"widget\" data-e-type=\"widget\" data-widget_type=\"aux_modern_heading.default\">\n\t\t\t\t<div class=\"elementor-widget-container\">\n\t\t\t\t\t<section class=\"aux-widget-modern-heading\">\n            <div class=\"aux-widget-inner\"><h5 class=\"aux-modern-heading-primary\"><\/h5><h3 class=\"aux-modern-heading-secondary\"><span class=\"aux-head-before\">Firmam\u0131z\u0131n Misyonu ve Vizyonu<\/span><\/h3><div class=\"aux-modern-heading-description\"><p>Tabelaciburada.com olarak kaliteli ve yenilik\u00e7i tabela \u00e7\u00f6z\u00fcmleri sunuyoruz. Dayan\u0131kl\u0131 tabelalarla m\u00fc\u015fterilerimizin marka de\u011ferini art\u0131r\u0131yoruz.<\/p><\/div><\/div>\n        <\/section>\t\t\t\t<\/div>\n\t\t\t\t<\/div>\n\t\t\t\t\t<\/div>\n\t\t<\/div>\n\t\t\t\t<div class=\"aux-parallax-section elementor-column elementor-col-50 elementor-top-column elementor-element elementor-element-746b6ca5\" data-id=\"746b6ca5\" data-element_type=\"column\" data-e-type=\"column\">\n\t\t\t<div class=\"elementor-widget-wrap elementor-element-populated\">\n\t\t\t\t\t\t<div class=\"elementor-element elementor-element-3d93acc3 aux-appear-watch-animation aux-scale-up elementor-widget elementor-widget-aux_image\" data-id=\"3d93acc3\" data-element_type=\"widget\" data-e-type=\"widget\" data-widget_type=\"aux_image.default\">\n\t\t\t\t<div class=\"elementor-widget-container\">\n\t\t\t\t\t<section class=\"widget-container aux-widget-image aux-alignnone aux-parent-aub2e5d94d\">\n    <div class=\"aux-media-hint-frame \">\n        <div class=\"aux-media-image \" >\n        \n            \n\n            \n            <img fetchpriority=\"high\" decoding=\"async\" width=\"1792\" height=\"1024\" src=\"https:\/\/www.tabelaciburada.com\/wp-content\/uploads\/2024\/08\/hakkimizda-tabelaci.jpg\" class=\"aux-attachment aux-featured-image aux-attachment-id-234\" alt=\"Tabela \u00c7e\u015fitlerinde Kalite ve \u015e\u0131kl\u0131k - Tabelac\u0131 Burada\" data-ratio=\"1.75\" data-original-w=\"1792\" \/>            \n                <\/div>\n    <\/div>\n\n<\/section><!-- widget-container -->\t\t\t\t<\/div>\n\t\t\t\t<\/div>\n\t\t\t\t\t<\/div>\n\t\t<\/div>\n\t\t\t\t\t<\/div>\n\t\t<\/section>\n\t\t\t\t<section class=\"elementor-section elementor-top-section elementor-element elementor-element-f75be43 elementor-section-boxed elementor-section-height-default elementor-section-height-default\" data-id=\"f75be43\" data-element_type=\"section\" data-e-type=\"section\">\n\t\t\t\t\t\t<div class=\"elementor-container elementor-column-gap-no\">\n\t\t\t\t\t<div class=\"aux-parallax-section elementor-column elementor-col-50 elementor-top-column elementor-element elementor-element-265d893\" data-id=\"265d893\" data-element_type=\"column\" data-e-type=\"column\">\n\t\t\t<div class=\"elementor-widget-wrap elementor-element-populated\">\n\t\t\t\t\t\t<div class=\"elementor-element elementor-element-d1a388b aux-appear-watch-animation aux-scale-up elementor-widget elementor-widget-aux_image\" data-id=\"d1a388b\" data-element_type=\"widget\" data-e-type=\"widget\" data-widget_type=\"aux_image.default\">\n\t\t\t\t<div class=\"elementor-widget-container\">\n\t\t\t\t\t<section class=\"widget-container aux-widget-image aux-alignnone aux-parent-au38b0b918\">\n    <div class=\"aux-media-hint-frame \">\n        <div class=\"aux-media-image \" >\n        \n            \n\n            \n            <img decoding=\"async\" width=\"1792\" height=\"1024\" src=\"https:\/\/www.tabelaciburada.com\/wp-content\/uploads\/2024\/08\/misyonumuz.jpg\" class=\"aux-attachment aux-featured-image aux-attachment-id-235\" alt=\"Paslanmaz Tabela \u00c7e\u015fitleri - Dayan\u0131kl\u0131 ve Estetik\" data-ratio=\"1.75\" data-original-w=\"1792\" \/>            \n                <\/div>\n    <\/div>\n\n<\/section><!-- widget-container -->\t\t\t\t<\/div>\n\t\t\t\t<\/div>\n\t\t\t\t\t<\/div>\n\t\t<\/div>\n\t\t\t\t<div class=\"aux-parallax-section elementor-column elementor-col-50 elementor-top-column elementor-element elementor-element-1610eca\" data-id=\"1610eca\" data-element_type=\"column\" data-e-type=\"column\">\n\t\t\t<div class=\"elementor-widget-wrap elementor-element-populated\">\n\t\t\t\t\t\t<div class=\"elementor-element elementor-element-ada6209 aux-appear-watch-animation aux-fade-in-up-1 elementor-widget__width-initial elementor-widget elementor-widget-aux_modern_heading\" data-id=\"ada6209\" data-element_type=\"widget\" data-e-type=\"widget\" data-widget_type=\"aux_modern_heading.default\">\n\t\t\t\t<div class=\"elementor-widget-container\">\n\t\t\t\t\t<section class=\"aux-widget-modern-heading\">\n            <div class=\"aux-widget-inner\"><h5 class=\"aux-modern-heading-primary\">Kalite Politikam\u0131z<\/h5><h3 class=\"aux-modern-heading-secondary\"><span class=\"aux-head-before\">Yenilik\u00e7i Tasar\u0131mlar\u0131m\u0131z<\/span><\/h3><div class=\"aux-modern-heading-description\"><p><strong>En Yeni Teknolojilerle Tabela \u00dcretimi<\/strong><\/p><p>\u00dcr\u00fcnlerimizde kulland\u0131\u011f\u0131m\u0131z en yeni teknolojiler sayesinde, tabelalar\u0131m\u0131z uzun \u00f6m\u00fcrl\u00fc ve dayan\u0131kl\u0131d\u0131r. Her bir tabela, y\u00fcksek kaliteli malzemelerle \u00fcretilir ve dikkat \u00e7ekici tasar\u0131mlara sahiptir. Bu sayede markan\u0131z\u0131 en iyi \u015fekilde temsil eder.<\/p><p><strong>\u00d6zg\u00fcn ve Yarat\u0131c\u0131 Tasar\u0131mlar<\/strong><\/p><p>Her projede \u00f6zg\u00fcn ve yarat\u0131c\u0131 tasar\u0131mlar geli\u015ftiriyoruz. M\u00fc\u015fterilerimizin marka kimliklerine uygun olarak, dikkat \u00e7ekici ve yenilik\u00e7i tabelalar tasarl\u0131yoruz. Tabelaciburada.com olarak, m\u00fc\u015fterilerimizin ihtiya\u00e7lar\u0131n\u0131 en iyi \u015fekilde kar\u015f\u0131lamak i\u00e7in s\u00fcrekli olarak kendimizi geli\u015ftiriyoruz.<\/p><\/div><\/div>\n        <\/section>\t\t\t\t<\/div>\n\t\t\t\t<\/div>\n\t\t\t\t\t<\/div>\n\t\t<\/div>\n\t\t\t\t\t<\/div>\n\t\t<\/section>\n\t\t\t\t<section class=\"elementor-section elementor-top-section elementor-element elementor-element-3ce86962 elementor-section-full_width elementor-section-height-default elementor-section-height-default\" data-id=\"3ce86962\" data-element_type=\"section\" data-e-type=\"section\">\n\t\t\t\t\t\t<div class=\"elementor-container elementor-column-gap-no\">\n\t\t\t\t\t<div class=\"aux-parallax-section elementor-column elementor-col-100 elementor-top-column elementor-element elementor-element-5523c6df\" data-id=\"5523c6df\" data-element_type=\"column\" data-e-type=\"column\">\n\t\t\t<div class=\"elementor-widget-wrap elementor-element-populated\">\n\t\t\t\t\t\t<div class=\"elementor-element elementor-element-7f01eaf0 aux-appear-watch-animation aux-fade-in elementor-widget elementor-widget-aux_image\" data-id=\"7f01eaf0\" data-element_type=\"widget\" data-e-type=\"widget\" data-widget_type=\"aux_image.default\">\n\t\t\t\t<div class=\"elementor-widget-container\">\n\t\t\t\t\t<section class=\"widget-container aux-widget-image aux-alignnone aux-parent-auaf3c04f0\">\n    <div class=\"aux-media-hint-frame \">\n        <div class=\"aux-media-image \" >\n        \n            \n\n            \n                            <div class=\"aux-image-holder aux-image-has-secondary\">\n                    <img decoding=\"async\" width=\"1920\" height=\"610\" src=\"https:\/\/www.tabelaciburada.com\/wp-content\/uploads\/2024\/08\/hakkimizde-resim.jpg\" class=\"aux-attachment aux-featured-image aux-attachment-id-239\" alt=\"hakkimizde-resim\" data-ratio=\"3.15\" data-original-w=\"1920\" \/>                    <img loading=\"lazy\" decoding=\"async\" width=\"1920\" height=\"610\" src=\"https:\/\/www.tabelaciburada.com\/wp-content\/uploads\/2024\/08\/hakkimizda-resimler.jpg\" class=\"aux-attachment aux-featured-image attachment-1920x610 aux-attachment-id-243 \" alt=\"hakkimizda-resimler\" data-ratio=\"3.15\" data-original-w=\"1920\" \/>                <\/div>\n            \n                <\/div>\n    <\/div>\n\n<\/section><!-- widget-container -->\t\t\t\t<\/div>\n\t\t\t\t<\/div>\n\t\t\t\t\t<\/div>\n\t\t<\/div>\n\t\t\t\t\t<\/div>\n\t\t<\/section>\n\t\t\t\t<section class=\"elementor-section elementor-top-section elementor-element elementor-element-0f9469f elementor-section-boxed elementor-section-height-default elementor-section-height-default\" data-id=\"0f9469f\" data-element_type=\"section\" data-e-type=\"section\">\n\t\t\t\t\t\t<div class=\"elementor-container elementor-column-gap-default\">\n\t\t\t\t\t<div class=\"aux-parallax-section elementor-column elementor-col-100 elementor-top-column elementor-element elementor-element-731d947\" data-id=\"731d947\" data-element_type=\"column\" data-e-type=\"column\">\n\t\t\t<div class=\"elementor-widget-wrap elementor-element-populated\">\n\t\t\t\t\t\t<div class=\"elementor-element elementor-element-7741356 elementor-widget elementor-widget-aux_modern_heading\" data-id=\"7741356\" data-element_type=\"widget\" data-e-type=\"widget\" data-widget_type=\"aux_modern_heading.default\">\n\t\t\t\t<div class=\"elementor-widget-container\">\n\t\t\t\t\t<section class=\"aux-widget-modern-heading\">\n            <div class=\"aux-widget-inner\"><h2 class=\"aux-modern-heading-primary\">Bize Ula\u015f\u0131n<\/h2><div class=\"aux-modern-heading-divider\"><\/div><div class=\"aux-modern-heading-description\"><p>Web sitemizdeki di\u011fer hizmetlerimizi de ke\u015ffetmek i\u00e7in <a href=\"https:\/\/www.tabelaciburada.com\/index.php\/hizmetlerimiz\/\">hizmetlerimiz<\/a> sayfam\u0131z\u0131 ziyaret edebilirsiniz. Ayr\u0131ca, ba\u015far\u0131l\u0131 projelerimize g\u00f6z atmak i\u00e7in <a href=\"#\" rel=\"noreferrer\">referanslar\u0131m\u0131z<\/a> sayfas\u0131na g\u00f6z atabilirsiniz. Daha fazla bilgi i\u00e7in <a href=\"https:\/\/wa.me\/+905416576214\">bizimle ileti\u015fime ge\u00e7in.<\/a><\/p><\/div><\/div>\n        <\/section>\t\t\t\t<\/div>\n\t\t\t\t<\/div>\n\t\t\t\t\t<\/div>\n\t\t<\/div>\n\t\t\t\t\t<\/div>\n\t\t<\/section>\n\t\t\t\t<\/div>\n\t\t","protected":false},"excerpt":{"rendered":"<p>HAKKIMIZDA Firmam\u0131z\u0131n Misyonu ve Vizyonu Tabelaciburada.com olarak kaliteli ve yenilik\u00e7i tabela \u00e7\u00f6z\u00fcmleri sunuyoruz. Dayan\u0131kl\u0131 tabelalarla m\u00fc\u015fterilerimizin marka de\u011ferini art\u0131r\u0131yoruz. Kalite Politikam\u0131z Yenilik\u00e7i Tasar\u0131mlar\u0131m\u0131z En Yeni Teknolojilerle Tabela \u00dcretimi \u00dcr\u00fcnlerimizde kulland\u0131\u011f\u0131m\u0131z en yeni teknolojiler sayesinde, tabelalar\u0131m\u0131z uzun \u00f6m\u00fcrl\u00fc ve dayan\u0131kl\u0131d\u0131r. Her bir tabela, y\u00fcksek kaliteli malzemelerle \u00fcretilir ve dikkat \u00e7ekici tasar\u0131mlara sahiptir. Bu sayede markan\u0131z\u0131 en [&hellip;]<\/p>\n","protected":false},"author":1,"featured_media":234,"parent":0,"menu_order":0,"comment_status":"closed","ping_status":"open","template":"","meta":{"footnotes":""},"class_list":["post-7","page","type-page","status-publish","has-post-thumbnail","hentry"],"yoast_head":"<!-- This site is optimized with the Yoast SEO Premium plugin v23.1 (Yoast SEO v27.2) - https:\/\/yoast.com\/product\/yoast-seo-premium-wordpress\/ -->\n<title>Tabelac\u0131 Burada - Kaliteli Tabela \u00c7\u00f6z\u00fcmleri ve Hizmetleri<\/title>\n<meta name=\"description\" content=\"Tabelac\u0131 Burada, Kaliteli Tabela \u00c7\u00f6z\u00fcmleri Ve Hizmetleri Sunar. I\u015f\u0131kl\u0131, Paslanmaz, Kompozit, Neon Tabelalar Ve Daha Fazlas\u0131 \u0130\u00e7in T\u0131kla\" \/>\n<meta name=\"robots\" content=\"index, follow, max-snippet:-1, max-image-preview:large, max-video-preview:-1\" \/>\n<link rel=\"canonical\" href=\"https:\/\/www.tabelaciburada.com\/index.php\/hakkimizda\/\" \/>\n<meta property=\"og:locale\" content=\"tr_TR\" \/>\n<meta property=\"og:type\" content=\"article\" \/>\n<meta property=\"og:title\" content=\"Hakk\u0131m\u0131zda\" \/>\n<meta property=\"og:description\" content=\"Tabelac\u0131 Burada, Kaliteli Tabela \u00c7\u00f6z\u00fcmleri Ve Hizmetleri Sunar. I\u015f\u0131kl\u0131, Paslanmaz, Kompozit, Neon Tabelalar Ve Daha Fazlas\u0131 \u0130\u00e7in T\u0131kla\" \/>\n<meta property=\"og:url\" content=\"https:\/\/www.tabelaciburada.com\/index.php\/hakkimizda\/\" \/>\n<meta property=\"og:site_name\" content=\"Tabelac\u0131\" \/>\n<meta property=\"article:modified_time\" content=\"2024-08-10T00:17:54+00:00\" \/>\n<meta property=\"og:image\" content=\"https:\/\/www.tabelaciburada.com\/wp-content\/uploads\/2024\/08\/hakkimizda-tabelaci.jpg\" \/>\n\t<meta property=\"og:image:width\" content=\"1792\" \/>\n\t<meta property=\"og:image:height\" content=\"1024\" \/>\n\t<meta property=\"og:image:type\" content=\"image\/jpeg\" \/>\n<meta name=\"twitter:card\" content=\"summary_large_image\" \/>\n<meta name=\"twitter:label1\" content=\"Tahmini okuma s\u00fcresi\" \/>\n\t<meta name=\"twitter:data1\" content=\"2 dakika\" \/>\n<script type=\"application\/ld+json\" class=\"yoast-schema-graph\">{\"@context\":\"https:\/\/schema.org\",\"@graph\":[{\"@type\":\"WebPage\",\"@id\":\"https:\/\/www.tabelaciburada.com\/index.php\/hakkimizda\/\",\"url\":\"https:\/\/www.tabelaciburada.com\/index.php\/hakkimizda\/\",\"name\":\"Tabelac\u0131 Burada - Kaliteli Tabela \u00c7\u00f6z\u00fcmleri ve Hizmetleri\",\"isPartOf\":{\"@id\":\"https:\/\/www.tabelaciburada.com\/#website\"},\"primaryImageOfPage\":{\"@id\":\"https:\/\/www.tabelaciburada.com\/index.php\/hakkimizda\/#primaryimage\"},\"image\":{\"@id\":\"https:\/\/www.tabelaciburada.com\/index.php\/hakkimizda\/#primaryimage\"},\"thumbnailUrl\":\"https:\/\/www.tabelaciburada.com\/wp-content\/uploads\/2024\/08\/hakkimizda-tabelaci.jpg\",\"datePublished\":\"2024-07-17T17:37:45+00:00\",\"dateModified\":\"2024-08-10T00:17:54+00:00\",\"description\":\"Tabelac\u0131 Burada, Kaliteli Tabela \u00c7\u00f6z\u00fcmleri Ve Hizmetleri Sunar. I\u015f\u0131kl\u0131, Paslanmaz, Kompozit, Neon Tabelalar Ve Daha Fazlas\u0131 \u0130\u00e7in T\u0131kla\",\"breadcrumb\":{\"@id\":\"https:\/\/www.tabelaciburada.com\/index.php\/hakkimizda\/#breadcrumb\"},\"inLanguage\":\"tr\",\"potentialAction\":[{\"@type\":\"ReadAction\",\"target\":[\"https:\/\/www.tabelaciburada.com\/index.php\/hakkimizda\/\"]}]},{\"@type\":\"ImageObject\",\"inLanguage\":\"tr\",\"@id\":\"https:\/\/www.tabelaciburada.com\/index.php\/hakkimizda\/#primaryimage\",\"url\":\"https:\/\/www.tabelaciburada.com\/wp-content\/uploads\/2024\/08\/hakkimizda-tabelaci.jpg\",\"contentUrl\":\"https:\/\/www.tabelaciburada.com\/wp-content\/uploads\/2024\/08\/hakkimizda-tabelaci.jpg\",\"width\":1792,\"height\":1024,\"caption\":\"Kaliteli ve \u015e\u0131k Tabela \u00c7e\u015fitleri! I\u015f\u0131kl\u0131, Paslanmaz, Kompozit ve Neon Tabelalar \u0130le \u0130\u015fletmenizi Tan\u0131t\u0131n.\"},{\"@type\":\"BreadcrumbList\",\"@id\":\"https:\/\/www.tabelaciburada.com\/index.php\/hakkimizda\/#breadcrumb\",\"itemListElement\":[{\"@type\":\"ListItem\",\"position\":1,\"name\":\"Anasayfa\",\"item\":\"https:\/\/www.tabelaciburada.com\/\"},{\"@type\":\"ListItem\",\"position\":2,\"name\":\"Hakk\u0131m\u0131zda\"}]},{\"@type\":\"WebSite\",\"@id\":\"https:\/\/www.tabelaciburada.com\/#website\",\"url\":\"https:\/\/www.tabelaciburada.com\/\",\"name\":\"\u0130stanbul Tabelac\u0131\",\"description\":\"Neon Tabelac\u0131\",\"publisher\":{\"@id\":\"https:\/\/www.tabelaciburada.com\/#organization\"},\"alternateName\":\"Tabela \u00c7e\u015fitleri\",\"potentialAction\":[{\"@type\":\"SearchAction\",\"target\":{\"@type\":\"EntryPoint\",\"urlTemplate\":\"https:\/\/www.tabelaciburada.com\/?s={search_term_string}\"},\"query-input\":{\"@type\":\"PropertyValueSpecification\",\"valueRequired\":true,\"valueName\":\"search_term_string\"}}],\"inLanguage\":\"tr\"},{\"@type\":\"Organization\",\"@id\":\"https:\/\/www.tabelaciburada.com\/#organization\",\"name\":\"Tabelac\u0131\",\"alternateName\":\"Tabelac\u0131 Burada\",\"url\":\"https:\/\/www.tabelaciburada.com\/\",\"logo\":{\"@type\":\"ImageObject\",\"inLanguage\":\"tr\",\"@id\":\"https:\/\/www.tabelaciburada.com\/#\/schema\/logo\/image\/\",\"url\":\"https:\/\/www.tabelaciburada.com\/wp-content\/uploads\/2024\/08\/tabelaci-burada-logo.png\",\"contentUrl\":\"https:\/\/www.tabelaciburada.com\/wp-content\/uploads\/2024\/08\/tabelaci-burada-logo.png\",\"width\":355,\"height\":366,\"caption\":\"Tabelac\u0131\"},\"image\":{\"@id\":\"https:\/\/www.tabelaciburada.com\/#\/schema\/logo\/image\/\"},\"description\":\"G\u00f6z al\u0131c\u0131 \u0131\u015f\u0131kl\u0131 tabela \u00e7e\u015fitlerimizle i\u015fletmenizin dikkat \u00e7ekmesini sa\u011flay\u0131n. Modern ve estetik tasar\u0131mlar\u0131m\u0131zla her t\u00fcrl\u00fc ihtiyac\u0131n\u0131za \u00e7\u00f6z\u00fcm sunuyoruz.\"}]}<\/script>\n<!-- \/ Yoast SEO Premium plugin. -->","yoast_head_json":{"title":"Tabelac\u0131 Burada - Kaliteli Tabela \u00c7\u00f6z\u00fcmleri ve Hizmetleri","description":"Tabelac\u0131 Burada, Kaliteli Tabela \u00c7\u00f6z\u00fcmleri Ve Hizmetleri Sunar. I\u015f\u0131kl\u0131, Paslanmaz, Kompozit, Neon Tabelalar Ve Daha Fazlas\u0131 \u0130\u00e7in T\u0131kla","robots":{"index":"index","follow":"follow","max-snippet":"max-snippet:-1","max-image-preview":"max-image-preview:large","max-video-preview":"max-video-preview:-1"},"canonical":"https:\/\/www.tabelaciburada.com\/index.php\/hakkimizda\/","og_locale":"tr_TR","og_type":"article","og_title":"Hakk\u0131m\u0131zda","og_description":"Tabelac\u0131 Burada, Kaliteli Tabela \u00c7\u00f6z\u00fcmleri Ve Hizmetleri Sunar. I\u015f\u0131kl\u0131, Paslanmaz, Kompozit, Neon Tabelalar Ve Daha Fazlas\u0131 \u0130\u00e7in T\u0131kla","og_url":"https:\/\/www.tabelaciburada.com\/index.php\/hakkimizda\/","og_site_name":"Tabelac\u0131","article_modified_time":"2024-08-10T00:17:54+00:00","og_image":[{"width":1792,"height":1024,"url":"https:\/\/www.tabelaciburada.com\/wp-content\/uploads\/2024\/08\/hakkimizda-tabelaci.jpg","type":"image\/jpeg"}],"twitter_card":"summary_large_image","twitter_misc":{"Tahmini okuma s\u00fcresi":"2 dakika"},"schema":{"@context":"https:\/\/schema.org","@graph":[{"@type":"WebPage","@id":"https:\/\/www.tabelaciburada.com\/index.php\/hakkimizda\/","url":"https:\/\/www.tabelaciburada.com\/index.php\/hakkimizda\/","name":"Tabelac\u0131 Burada - Kaliteli Tabela \u00c7\u00f6z\u00fcmleri ve Hizmetleri","isPartOf":{"@id":"https:\/\/www.tabelaciburada.com\/#website"},"primaryImageOfPage":{"@id":"https:\/\/www.tabelaciburada.com\/index.php\/hakkimizda\/#primaryimage"},"image":{"@id":"https:\/\/www.tabelaciburada.com\/index.php\/hakkimizda\/#primaryimage"},"thumbnailUrl":"https:\/\/www.tabelaciburada.com\/wp-content\/uploads\/2024\/08\/hakkimizda-tabelaci.jpg","datePublished":"2024-07-17T17:37:45+00:00","dateModified":"2024-08-10T00:17:54+00:00","description":"Tabelac\u0131 Burada, Kaliteli Tabela \u00c7\u00f6z\u00fcmleri Ve Hizmetleri Sunar. I\u015f\u0131kl\u0131, Paslanmaz, Kompozit, Neon Tabelalar Ve Daha Fazlas\u0131 \u0130\u00e7in T\u0131kla","breadcrumb":{"@id":"https:\/\/www.tabelaciburada.com\/index.php\/hakkimizda\/#breadcrumb"},"inLanguage":"tr","potentialAction":[{"@type":"ReadAction","target":["https:\/\/www.tabelaciburada.com\/index.php\/hakkimizda\/"]}]},{"@type":"ImageObject","inLanguage":"tr","@id":"https:\/\/www.tabelaciburada.com\/index.php\/hakkimizda\/#primaryimage","url":"https:\/\/www.tabelaciburada.com\/wp-content\/uploads\/2024\/08\/hakkimizda-tabelaci.jpg","contentUrl":"https:\/\/www.tabelaciburada.com\/wp-content\/uploads\/2024\/08\/hakkimizda-tabelaci.jpg","width":1792,"height":1024,"caption":"Kaliteli ve \u015e\u0131k Tabela \u00c7e\u015fitleri! I\u015f\u0131kl\u0131, Paslanmaz, Kompozit ve Neon Tabelalar \u0130le \u0130\u015fletmenizi Tan\u0131t\u0131n."},{"@type":"BreadcrumbList","@id":"https:\/\/www.tabelaciburada.com\/index.php\/hakkimizda\/#breadcrumb","itemListElement":[{"@type":"ListItem","position":1,"name":"Anasayfa","item":"https:\/\/www.tabelaciburada.com\/"},{"@type":"ListItem","position":2,"name":"Hakk\u0131m\u0131zda"}]},{"@type":"WebSite","@id":"https:\/\/www.tabelaciburada.com\/#website","url":"https:\/\/www.tabelaciburada.com\/","name":"\u0130stanbul Tabelac\u0131","description":"Neon Tabelac\u0131","publisher":{"@id":"https:\/\/www.tabelaciburada.com\/#organization"},"alternateName":"Tabela \u00c7e\u015fitleri","potentialAction":[{"@type":"SearchAction","target":{"@type":"EntryPoint","urlTemplate":"https:\/\/www.tabelaciburada.com\/?s={search_term_string}"},"query-input":{"@type":"PropertyValueSpecification","valueRequired":true,"valueName":"search_term_string"}}],"inLanguage":"tr"},{"@type":"Organization","@id":"https:\/\/www.tabelaciburada.com\/#organization","name":"Tabelac\u0131","alternateName":"Tabelac\u0131 Burada","url":"https:\/\/www.tabelaciburada.com\/","logo":{"@type":"ImageObject","inLanguage":"tr","@id":"https:\/\/www.tabelaciburada.com\/#\/schema\/logo\/image\/","url":"https:\/\/www.tabelaciburada.com\/wp-content\/uploads\/2024\/08\/tabelaci-burada-logo.png","contentUrl":"https:\/\/www.tabelaciburada.com\/wp-content\/uploads\/2024\/08\/tabelaci-burada-logo.png","width":355,"height":366,"caption":"Tabelac\u0131"},"image":{"@id":"https:\/\/www.tabelaciburada.com\/#\/schema\/logo\/image\/"},"description":"G\u00f6z al\u0131c\u0131 \u0131\u015f\u0131kl\u0131 tabela \u00e7e\u015fitlerimizle i\u015fletmenizin dikkat \u00e7ekmesini sa\u011flay\u0131n. Modern ve estetik tasar\u0131mlar\u0131m\u0131zla her t\u00fcrl\u00fc ihtiyac\u0131n\u0131za \u00e7\u00f6z\u00fcm sunuyoruz."}]}},"_links":{"self":[{"href":"https:\/\/www.tabelaciburada.com\/index.php\/wp-json\/wp\/v2\/pages\/7","targetHints":{"allow":["GET"]}}],"collection":[{"href":"https:\/\/www.tabelaciburada.com\/index.php\/wp-json\/wp\/v2\/pages"}],"about":[{"href":"https:\/\/www.tabelaciburada.com\/index.php\/wp-json\/wp\/v2\/types\/page"}],"author":[{"embeddable":true,"href":"https:\/\/www.tabelaciburada.com\/index.php\/wp-json\/wp\/v2\/users\/1"}],"replies":[{"embeddable":true,"href":"https:\/\/www.tabelaciburada.com\/index.php\/wp-json\/wp\/v2\/comments?post=7"}],"version-history":[{"count":23,"href":"https:\/\/www.tabelaciburada.com\/index.php\/wp-json\/wp\/v2\/pages\/7\/revisions"}],"predecessor-version":[{"id":558,"href":"https:\/\/www.tabelaciburada.com\/index.php\/wp-json\/wp\/v2\/pages\/7\/revisions\/558"}],"wp:featuredmedia":[{"embeddable":true,"href":"https:\/\/www.tabelaciburada.com\/index.php\/wp-json\/wp\/v2\/media\/234"}],"wp:attachment":[{"href":"https:\/\/www.tabelaciburada.com\/index.php\/wp-json\/wp\/v2\/media?parent=7"}],"curies":[{"name":"wp","href":"https:\/\/api.w.org\/{rel}","templated":true}]}}